{"id":1427,"date":"2024-11-17T05:18:38","date_gmt":"2024-11-17T05:18:38","guid":{"rendered":"https:\/\/memoriactivadeladesaparicion.mx\/clonepruebas\/?page_id=1427"},"modified":"2025-03-17T06:00:14","modified_gmt":"2025-03-17T06:00:14","slug":"metodologia","status":"publish","type":"page","link":"https:\/\/memoriactivadeladesaparicion.mx\/clonepruebas\/metodologia\/","title":{"rendered":"Metodolog\u00eda"},"content":{"rendered":"\n\n\n\n\n<h2>Metodolog\u00eda<\/h2>\n<p style=\"color: rgb(0, 0, 0); text-align: justify;\">El dise\u00f1o y establecimiento del sitio electr\u00f3nico \u201cMemoria Activa de la Desaparici\u00f3n (MAD)\u201d tuvo dos etapas constructivas. La primera, parti\u00f3 del diagn\u00f3stico acerca de las tendencias de informaci\u00f3n y servicios especializados proporcionados en la red. La segunda, estuvo dedicada al dise\u00f1o y actualizaci\u00f3n de los contenidos de informaci\u00f3n documental, as\u00ed como a la definici\u00f3n de los requerimientos t\u00e9cnicos del sitio.<\/p>\n<p style=\"color: rgb(0, 0, 0); text-align: justify;\">En el planteamiento metodol\u00f3gico se revis\u00f3 la literatura de este campo de estudio (Mass\u00f3, 2005; Pablo Velasco y Montero, 2015; 38; Dur\u00e1n 1013, 2014, 2017). Asimismo, se realizaron entrevistas semiestructuradas a informantes clave: familiares de las v\u00edctimas, servidores p\u00fablicos, defensores de derechos humanos, entre otros. Adem\u00e1s, entre 2019 y 2021 se elabor\u00f3 un diagn\u00f3stico tomando como base la revisi\u00f3n de 30 portales concentrados en la desaparici\u00f3n de personas ordenados por su origen local, nacional e internacional.&nbsp;<\/p>\n\n\n\n\n\n<table id=\"tablepress-28\" class=\"tablepress tablepress-id-28 tbody-has-connected-cells\">\n<thead>\n<tr class=\"row-1\">\n\t<th class=\"column-1\">Grupo<\/th><th class=\"column-2\">Tipo de Sitio Web<\/th><th class=\"column-3\">N\u00famero de Sitios<\/th><th class=\"column-4\">Porcentaje<\/th>\n<\/tr>\n<\/thead>\n<tbody class=\"row-striping row-hover\">\n<tr class=\"row-2\">\n\t<td rowspan=\"2\" class=\"column-1\">Local<\/td><td class=\"column-2\">Organismos gubernamentales<\/td><td class=\"column-3\">4<\/td><td class=\"column-4\">13.33<\/td>\n<\/tr>\n<tr class=\"row-3\">\n\t<td class=\"column-2\">Movimientos y organizaciones<\/td><td class=\"column-3\">7<\/td><td class=\"column-4\">23.33<\/td>\n<\/tr>\n<tr class=\"row-4\">\n\t<td rowspan=\"2\" class=\"column-1\">Estatal<\/td><td class=\"column-2\">Organismos de los estados<\/td><td class=\"column-3\">6<\/td><td class=\"column-4\">20.00<\/td>\n<\/tr>\n<tr class=\"row-5\">\n\t<td class=\"column-2\">Organismos sociales acompa\u00f1antes<\/td><td class=\"column-3\">6<\/td><td class=\"column-4\">20.00<\/td>\n<\/tr>\n<tr class=\"row-6\">\n\t<td rowspan=\"2\" class=\"column-1\">Internacional<\/td><td class=\"column-2\">Instituciones internacionales<\/td><td class=\"column-3\">3<\/td><td class=\"column-4\">10.00<\/td>\n<\/tr>\n<tr class=\"row-7\">\n\t<td class=\"column-2\">Organizaciones de pa\u00edses<\/td><td class=\"column-3\">4<\/td><td class=\"column-4\">13.33<\/td>\n<\/tr>\n<\/tbody>\n<\/table>\n<!-- #tablepress-28 from cache -->\n\n\n\n\n<p style=\"color: rgb(0, 0, 0); text-align: justify;\">La exploraci\u00f3n de los portales se llev\u00f3 a cabo de acuerdo a tres niveles de interacci\u00f3n: a) instalaci\u00f3n u hospedaje; b) informaci\u00f3n y servicios; c) actividad de comunicaci\u00f3n con los usuarios. La escala de calificaci\u00f3n a estos tres niveles de interacci\u00f3n atribuy\u00f3 los valores: 0: Inexistente; 1: Insuficiente; y, 2: Suficiente.<\/p>\n<p style=\"color: rgb(0, 0, 0); text-align: justify;\">La revisi\u00f3n estad\u00edstica descriptiva se orient\u00f3 a la identificaci\u00f3n de relaciones entre diferentes patrones conforme a la interactividad mostrada en la distribuci\u00f3n de informaci\u00f3n y servicios. De acuerdo a este balance, se identificaron:<\/p>\n\n&#8211; Caracter\u00edsticas comunes, pero con desempe\u00f1os espec\u00edficos por grupos de portales.\n&#8211; Desempe\u00f1os con distintas tendencias, pero sin correspondencia con la pertenencia al grupo de sitios.\n&#8211; Inexistencia de patrones de informaci\u00f3n y de servicios entre grupos de sitios, as\u00ed como en los propios portales.\n\n\n\n\n\n<p style=\"color: rgb(0, 0, 0);\">Sitios por nivel de interacci\u00f3n: informaci\u00f3n y servicios<\/p>\n\n\n\n\n\n<p style=\"text-align: justify; color: rgb(0, 0, 0);\">A partir de este diagn\u00f3stico se cre\u00f3 una base de 7 componentes que estructuran los contenidos del sitio electr\u00f3nico:&nbsp;<\/p>\n\n1. B\u00fasqueda r\u00e1pida\n2. Directorio\n3. Gu\u00edas y manuales\n4. Leyes y protocolos\n5. Vocabulario\n6. Biblioteca\n7. Memoria colectiva\n\n<p style=\"color: rgb(0, 0, 0); text-align: justify;\">En la definici\u00f3n de los requerimientos de operaci\u00f3n del sitio se tomaron como base los siguientes insumos: Registro de dominio, hospedaje, certificado de seguridad SSL, aseguramiento de sistema y del sitio web, sistema de administraci\u00f3n de contenidos (CMS), dise\u00f1o gr\u00e1fico.<\/p>\n<p style=\"color: rgb(0, 0, 0); text-align: justify;\">Respecto de la administraci\u00f3n de contenidos se consider\u00f3: la organizaci\u00f3n del sitio web para la disposici\u00f3n de contenidos y navegabilidad de usuarios y administraci\u00f3n; la publicaci\u00f3n de contenidos por medio de un editor para formatear textos e im\u00e1genes; la escalabilidad que desarrolla nuevas funcionalidades y con posibilidad de a\u00f1adir componentes de valor a los visitantes; la gesti\u00f3n de usuarios para permitir almacenar niveles de usuario, con manejo de roles y permisos de acceso a las diferentes funciones del sistema; la administraci\u00f3n de medios para transferir cualquier imagen, pdf, archivos de texto, video o audio al servidor y utilizables en el sitio.<\/p>\n\n\n\n\n<h6>Fuentes de Referencia:<\/h6>\n\n\n<p style=\"color: rgb(0, 0, 0);\">Dur\u00e1n, Arturo, 2017. \u00bfGobiernos abiertos en entornos anal\u00f3gicos? Iniciativa de gobierno abierto a nivel estatal y municipal, en coautor\u00eda con el Dr. Felipe Hevia de la Jara, Revista de Gesti\u00f3n P\u00fablica, Chile.<\/p>\n<p style=\"color: rgb(0, 0, 0);\">Dur\u00e1n, Arturo, 2014. Dificultades te\u00f3ricas en estudios de gesti\u00f3n electr\u00f3nica en gobiernos locales, Memorias del VI Congreso Internacional de Sociolog\u00eda, Universidad Aut\u00f3noma de Baja California.<\/p>\n<p style=\"color: rgb(0, 0, 0);\">Dur\u00e1n, Arturo, 2013. Metodolog\u00edas en la gesti\u00f3n electr\u00f3nica en gobiernos locales, Memoria Encuentro AMIC 2013, Asociaci\u00f3n Mexicana de Investigadores de la Comunicaci\u00f3n, Universidad Aut\u00f3noma del Estado de M\u00e9xico.<\/p>\n<p style=\"color: rgb(0, 0, 0);\">Mass\u00f3, Ester (2005). Fundamentos te\u00f3ricos y derivaciones de la Investigaci\u00f3n acci\u00f3n participativa en Espa\u00f1a. En <a href=\"http:\/\/www.redalyc.org\/articulo.oa?id=62304305\" target=\"_blank\">http:\/\/www.redalyc.org\/articulo.oa?id=62304305<\/a><\/p>\n<p style=\"\"><font color=\"#000000\" style=\"color: rgb(0, 0, 0);\">Pablo Velasco, Liliana (2015). El vac\u00edo informativo de las desapariciones en M\u00e9xico. Sistema web de denuncia y monitoreo ciudadano. Universidad Aut\u00f3noma Metropolitana, M\u00e9xico.<\/font><\/p>\n\n\n\n\n\n\n","protected":false},"excerpt":{"rendered":"","protected":false},"author":10,"featured_media":0,"parent":0,"menu_order":0,"comment_status":"closed","ping_status":"closed","template":"","meta":{"pagelayer_contact_templates":[],"_pagelayer_content":"","footnotes":""},"class_list":["post-1427","page","type-page","status-publish","hentry"],"_links":{"self":[{"href":"https:\/\/memoriactivadeladesaparicion.mx\/clonepruebas\/wp-json\/wp\/v2\/pages\/1427","targetHints":{"allow":["GET"]}}],"collection":[{"href":"https:\/\/memoriactivadeladesaparicion.mx\/clonepruebas\/wp-json\/wp\/v2\/pages"}],"about":[{"href":"https:\/\/memoriactivadeladesaparicion.mx\/clonepruebas\/wp-json\/wp\/v2\/types\/page"}],"author":[{"embeddable":true,"href":"https:\/\/memoriactivadeladesaparicion.mx\/clonepruebas\/wp-json\/wp\/v2\/users\/10"}],"replies":[{"embeddable":true,"href":"https:\/\/memoriactivadeladesaparicion.mx\/clonepruebas\/wp-json\/wp\/v2\/comments?post=1427"}],"version-history":[{"count":32,"href":"https:\/\/memoriactivadeladesaparicion.mx\/clonepruebas\/wp-json\/wp\/v2\/pages\/1427\/revisions"}],"predecessor-version":[{"id":4025,"href":"https:\/\/memoriactivadeladesaparicion.mx\/clonepruebas\/wp-json\/wp\/v2\/pages\/1427\/revisions\/4025"}],"wp:attachment":[{"href":"https:\/\/memoriactivadeladesaparicion.mx\/clonepruebas\/wp-json\/wp\/v2\/media?parent=1427"}],"curies":[{"name":"wp","href":"https:\/\/api.w.org\/{rel}","templated":true}]}}