{"id":1521,"date":"2024-11-28T20:57:40","date_gmt":"2024-11-28T20:57:40","guid":{"rendered":"https:\/\/memoriactivadeladesaparicion.mx\/clonepruebas\/?page_id=1521"},"modified":"2025-03-28T02:07:24","modified_gmt":"2025-03-28T02:07:24","slug":"guias-y-manuales","status":"publish","type":"page","link":"https:\/\/memoriactivadeladesaparicion.mx\/clonepruebas\/guias-y-manuales\/","title":{"rendered":"Gu\u00edas y Manuales"},"content":{"rendered":"\n\n\n\n\n\n\n\n\n\n\n\n\n<h3>Gu\u00edas y Manuales<\/h3>\n<h4>\u00bfCu\u00e1les son las rutas para la b\u00fasqueda?<\/h4>\n\n<p style=\"text-align: justify;\"><font color=\"#000000\" style=\"color: rgb(0, 0, 0);\">Presenta gu\u00edas y manuales de organizaciones civiles e instituciones gubernamentales dedicadas a explicar procedimientos para realizar la b\u00fasqueda e investigaci\u00f3n de la persona ausente.<\/font><\/p>\n\n\n\n\n\n\n\n\n\n\n\n\n\n\n\n\n\n\n\n<h4>\u00bfCu\u00e1les son las rutas para la b\u00fasqueda?<\/h4>\n\n\n\n\n\n\n\n<h5>\u00bfQu\u00e9 hacer en caso de desaparici\u00f3n?<\/h5>\n\n\n\n\n\n\n\n\n\n\n\n<h5>La desaparici\u00f3n de personas en Jalisco<\/h5>\n\n\n\n\n\n\n\n\n\n\n<h5>Qu\u00e9 hacer ante la desaparici\u00f3n de una persona<\/h5>\n\n\n\n\n\n\n\n\n\n\n\n<h5>La b\u00fasqueda de personas desaparecidas en tiempos de pandemia<\/h5>\n\n\n\n\n\n\n\n\n\n\n\n<h5>Manual para el an\u00e1lisis de contexto de casos de personas desaparecidas<\/h5>\n\n\n\n\n\n\n\n\n\n\n<h5>Manual de capacitaci\u00f3n para la b\u00fasqueda de personas<\/h5>\n\n\n\n\n\n\n\n\n\n\n<h5>No somos expedientes<\/h5>\n\n\n\n\n\n\n\n\n\n\n<h5>Manual para la aplicaci\u00f3n de la ley general sobre desaparici\u00f3n de personas y el protocolo homologado de b\u00fasqueda<\/h5>\n\n\n\n\n\n\n\n\n\n\n\n<h5>Gu\u00eda de supervivencia familiar cuando un ni\u00f1o desaparece<\/h5>\n\n\n\n\n\n\n\n\n\n<h5>Gu\u00eda b\u00e1sica para entender la ley General contra la Desaparici\u00f3n de Personas<\/h5>\n\n\n\n\n\n\n\n\n\n<h5>Gu\u00eda pr\u00e1ctica sobre la aplicaci\u00f3n del protocolo para la b\u00fasqueda de personas desaparecidas<\/h5>\n\n\n\n\n\n\n\n\n\n<h5>Gu\u00eda Informativa para familiares de personas migrantes desaparecidas<\/h5>\n\n\n\n\n\n\n\n\n\n\n\n\n<h5>El Amparo Buscador<\/h5>\n\n\n\n\n\n\n\n\n\n\n\n\n\n\n","protected":false},"excerpt":{"rendered":"","protected":false},"author":10,"featured_media":0,"parent":0,"menu_order":0,"comment_status":"closed","ping_status":"closed","template":"","meta":{"pagelayer_contact_templates":[],"_pagelayer_content":"","footnotes":""},"class_list":["post-1521","page","type-page","status-publish","hentry"],"_links":{"self":[{"href":"https:\/\/memoriactivadeladesaparicion.mx\/clonepruebas\/wp-json\/wp\/v2\/pages\/1521","targetHints":{"allow":["GET"]}}],"collection":[{"href":"https:\/\/memoriactivadeladesaparicion.mx\/clonepruebas\/wp-json\/wp\/v2\/pages"}],"about":[{"href":"https:\/\/memoriactivadeladesaparicion.mx\/clonepruebas\/wp-json\/wp\/v2\/types\/page"}],"author":[{"embeddable":true,"href":"https:\/\/memoriactivadeladesaparicion.mx\/clonepruebas\/wp-json\/wp\/v2\/users\/10"}],"replies":[{"embeddable":true,"href":"https:\/\/memoriactivadeladesaparicion.mx\/clonepruebas\/wp-json\/wp\/v2\/comments?post=1521"}],"version-history":[{"count":117,"href":"https:\/\/memoriactivadeladesaparicion.mx\/clonepruebas\/wp-json\/wp\/v2\/pages\/1521\/revisions"}],"predecessor-version":[{"id":5026,"href":"https:\/\/memoriactivadeladesaparicion.mx\/clonepruebas\/wp-json\/wp\/v2\/pages\/1521\/revisions\/5026"}],"wp:attachment":[{"href":"https:\/\/memoriactivadeladesaparicion.mx\/clonepruebas\/wp-json\/wp\/v2\/media?parent=1521"}],"curies":[{"name":"wp","href":"https:\/\/api.w.org\/{rel}","templated":true}]}}