{"id":1558,"date":"2024-11-28T21:47:34","date_gmt":"2024-11-28T21:47:34","guid":{"rendered":"https:\/\/memoriactivadeladesaparicion.mx\/clonepruebas\/?page_id=1558"},"modified":"2025-03-20T23:04:16","modified_gmt":"2025-03-20T23:04:16","slug":"home","status":"publish","type":"page","link":"https:\/\/memoriactivadeladesaparicion.mx\/clonepruebas\/","title":{"rendered":"Home"},"content":{"rendered":"\n\n\n\n\n<h2 style=\"color: rgb(1, 168, 161);\">Ha desaparecido una persona&#8230;<\/h2>\n<p style=\"color: rgb(0, 0, 0); text-align: justify;\">Memoria Activa de la Desaparici\u00f3n (MAD*) es un espacio dedicado a brindar informaci\u00f3n y referentes documentales que permiten acercar el conocimiento de la b\u00fasqueda, la investigaci\u00f3n y la atenci\u00f3n a las v\u00edctimas de personas desaparecidas.<\/p>\n<p style=\"color: rgb(0, 0, 0); text-align: justify;\"><em>Nota: la informaci\u00f3n de los contenidos de este sitio es p\u00fablica y ha sido recuperada de internet, por lo que su disponibilidad est\u00e1 sujeta a la vigencia de los hiperv\u00ednculos asignados en la red.<\/em><\/p>\n\n\n\n\n<h5 style=\"color: rgb(1, 168, 161);\">\u00bfQu\u00e9 hacer?<\/h5>\n\n\n\n\n\n<h5 style=\"color: rgb(1, 168, 161);\">\u00bfA qui\u00e9n acudir?<\/h5>\n\n\n\n\n\n<h5 style=\"color: rgb(1, 168, 161);\">Rutas de b\u00fasqueda<\/h5>\n\n\n\n\n\n\n\n\n\n\n\n\n\n\n\n\n\n\n\n<h4 style=\"color: rgb(255, 255, 255);\">Memoria Activa de la Desaparici\u00f3n<\/h4>\n<p style=\"color: rgb(255, 255, 255); text-align: justify;\">MAD es un proyecto desarrollado por la comunidad acad\u00e9mica de El Colegio de Jalisco (COLJAL), en coordinaci\u00f3n con el Consejo Estatal de Ciencia y Tecnolog\u00eda de Jalisco (COECYTJAL) y la Secretar\u00eda de Innovaci\u00f3n, Ciencia y Tecnolog\u00eda, a trav\u00e9s del Fondo de Desarrollo Cient\u00edfico de Jalisco (FODECIJAL) para Atender Problemas Estatales, con clave 8174-2019.<\/p>\n<p style=\"color: rgb(255, 255, 255); text-align: justify;\">Ante la crisis generalizada en el estado de Jalisco y en M\u00e9xico, este espacio se conforma como una herramienta de apoyo para los familiares afectados, servidores p\u00fablicos especializados, defensores de derechos humanos, periodistas y poblaci\u00f3n en general.<\/p>\n\n\n\n\n\n\n\n\n\n\n\n\n<h5>\u00bfQu\u00e9 normas protegen a las v\u00edctimas?<\/h5>\n<p style=\"color: rgb(140, 107, 196); text-align: center;\"><a href=\"https:\/\/memoriactivadeladesaparicion.mx\/clonepruebas\/leyes-y-protocolos\/\">Leyes y Protocolos<\/a><\/p>\n\n\n<h5>\u00bfQu\u00e9 palabras se emplean?<\/h5>\n<p style=\"text-align: center; color: rgb(140, 107, 196);\"><a href=\"https:\/\/memoriactivadeladesaparicion.mx\/clonepruebas\/vocabulario\/\">Vocabulario<\/a><\/p>\n\n\n\n\n<h5>\u00bfQu\u00e9 m\u00e1s se sabe?<\/h5>\n<p style=\"text-align: center; color: rgb(140, 107, 196);\"><a href=\"https:\/\/memoriactivadeladesaparicion.mx\/clonepruebas\/biblioteca\/\">Biblioteca<\/a><\/p>\n\n\n<h5>\u00bfPor qu\u00e9 no olvidar?<\/h5>\n<p style=\"text-align: center; color: rgb(140, 107, 196);\"><a href=\"https:\/\/memoriactivadeladesaparicion.mx\/clonepruebas\/memoria-colectiva\/\">Memoria Colectiva<\/a><\/p>\n\n\n\n\n\n\n<h2 style=\"color: rgb(1, 168, 161);\">Memoria Activa de la Desaparici\u00f3n se conformada por:<\/h2>\n\n\n\n\n\n\n\n\n<h3>B\u00fasqueda Inmediata<\/h3>\n<h4>\u00bfQu\u00e9 hacer en caso de desaparici\u00f3n?<\/h4>\n\n<p style=\"text-align: justify; color: rgb(0, 0, 0);\">Propone un conjunto de acciones para iniciar la localizaci\u00f3n de alguna persona desaparecida o ausente.<\/p>\n\n\n\n\n\n\n\n\n\n\n\n\n\n\n\n\n\n\n\n\n\n\n<h3>Directorio Especializado<\/h3>\n<h4>\u00bfA qui\u00e9n acudir?<\/h4>\n\n<p style=\"text-align: justify; color: rgb(0, 0, 0);\">Expone una lista de colectivos, asociaciones civiles e instituciones gubernamentales que brindan apoyo e informaci\u00f3n acerca de la desaparici\u00f3n.<\/p>\n\n\n\n\n\n\n\n\n\n\n\n\n\n\n\n\n<h3>Gu\u00edas y Manuales<\/h3>\n<h4>\u00bfCu\u00e1les son las rutas para la b\u00fasqueda?<\/h4>\n\n<p style=\"text-align: justify; color: rgb(0, 0, 0);\">Presenta gu\u00edas y manuales de organizaciones civiles e instituciones gubernamentales dedicadas a explicar procedimientos para realizar la b\u00fasqueda e investigaci\u00f3n de la persona ausente.<\/p>\n\n\n\n\n\n\n\n\n\n\n\n\n\n\n\n\n\n\n\n\n\n\n<h3>Leyes y Protocolos<\/h3>\n<h4>\u00bfQu\u00e9 normas protegen a las v\u00edctimas?<\/h4>\n\n<p style=\"text-align: justify; color: rgb(0, 0, 0);\">Organiza una serie de documentos de car\u00e1cter jur\u00eddico aplicables al tema de la desaparici\u00f3n.<\/p>\n\n\n\n\n\n\n\n\n\n\n\n\n\n\n\n\n<h3>Vocabulario<\/h3>\n<h4>\u00bfCu\u00e1les son las palabras claves?<\/h4>\n\n<p style=\"text-align: justify; color: rgb(0, 0, 0);\">Conforma t\u00e9rminos encontrados en los glosarios que acompa\u00f1an a leyes y otros documentos normativos.<\/p>\n\n\n\n\n\n\n\n\n\n\n\n\n\n\n\n\n\n\n\n\n\n\n<h3>Biblioteca<\/h3>\n<h4>\u00bfQu\u00e9 m\u00e1s se sabe?<\/h4>\n\n<p style=\"text-align: justify; color: rgb(0, 0, 0);\">Recopila documentos de libre acceso a trav\u00e9s de internet con relaci\u00f3n a la desaparici\u00f3n de personas.<\/p>\n\n\n\n\n\n\n\n\n\n\n\n\n\n\n\n\n<h3>Memoria Colectiva<\/h3>\n<h4>\u00bfPor qu\u00e9 no olvidar?<\/h4>\n\n<p style=\"text-align: justify; color: rgb(0, 0, 0);\">Agrupa acontecimientos que permiten mostrar de modo general la desaparici\u00f3n de personas como una grave problem\u00e1tica social en M\u00e9xico.<\/p>\n\n\n\n\n\n\n\n\n\n\n\n\n\n","protected":false},"excerpt":{"rendered":"","protected":false},"author":10,"featured_media":0,"parent":0,"menu_order":0,"comment_status":"closed","ping_status":"closed","template":"","meta":{"pagelayer_contact_templates":[],"_pagelayer_content":"","footnotes":""},"class_list":["post-1558","page","type-page","status-publish","hentry"],"_links":{"self":[{"href":"https:\/\/memoriactivadeladesaparicion.mx\/clonepruebas\/wp-json\/wp\/v2\/pages\/1558","targetHints":{"allow":["GET"]}}],"collection":[{"href":"https:\/\/memoriactivadeladesaparicion.mx\/clonepruebas\/wp-json\/wp\/v2\/pages"}],"about":[{"href":"https:\/\/memoriactivadeladesaparicion.mx\/clonepruebas\/wp-json\/wp\/v2\/types\/page"}],"author":[{"embeddable":true,"href":"https:\/\/memoriactivadeladesaparicion.mx\/clonepruebas\/wp-json\/wp\/v2\/users\/10"}],"replies":[{"embeddable":true,"href":"https:\/\/memoriactivadeladesaparicion.mx\/clonepruebas\/wp-json\/wp\/v2\/comments?post=1558"}],"version-history":[{"count":53,"href":"https:\/\/memoriactivadeladesaparicion.mx\/clonepruebas\/wp-json\/wp\/v2\/pages\/1558\/revisions"}],"predecessor-version":[{"id":4017,"href":"https:\/\/memoriactivadeladesaparicion.mx\/clonepruebas\/wp-json\/wp\/v2\/pages\/1558\/revisions\/4017"}],"wp:attachment":[{"href":"https:\/\/memoriactivadeladesaparicion.mx\/clonepruebas\/wp-json\/wp\/v2\/media?parent=1558"}],"curies":[{"name":"wp","href":"https:\/\/api.w.org\/{rel}","templated":true}]}}