{"id":2910,"date":"2025-02-05T02:08:22","date_gmt":"2025-02-05T02:08:22","guid":{"rendered":"https:\/\/memoriactivadeladesaparicion.mx\/clonepruebas\/?page_id=2910"},"modified":"2025-03-17T04:57:47","modified_gmt":"2025-03-17T04:57:47","slug":"biblioteca","status":"publish","type":"page","link":"https:\/\/memoriactivadeladesaparicion.mx\/clonepruebas\/biblioteca\/","title":{"rendered":"Biblioteca"},"content":{"rendered":"\n\n\n\n\n\n\n\n\n\n\n\n\n<h3>Biblioteca<\/h3>\n<h4>\u00bfQu\u00e9 m\u00e1s se sabe?<\/h4>\n\n<p style=\"color: rgb(0, 0, 0); text-align: justify;\">Recopila trabajos de investigaci\u00f3n, noticias, leyes, reglamentos, manuales y otros documentos relacionados a la tem\u00e1tica de la desaparici\u00f3n de personas. Los textos incluidos atienden principalmente a la realidad local y regional comprendida entre mediados del siglo XX a la actualidad, adem\u00e1s de considerar algunos enfocados sobre Latinoam\u00e9rica y aspectos internacionales.<\/p>\n<p style=\"color: rgb(0, 0, 0); text-align: justify;\">Para m\u00e1s informaci\u00f3n sobre la biblioteca y como usarla, solo pulsa el siguiente bot\u00f3n:<\/p>\n\n\n\n\n\n\n\n\n\n\n\n\n\n\n<h4>\u00bfQu\u00e9 m\u00e1s se sabe?<\/h4>\n\n\n<div id=\"footable_parent_2909\"\n         class=\" footable_parent ninja_table_wrapper loading_ninja_table wp_table_data_press_parent semantic_ui \">\n                <table data-ninja_table_instance=\"ninja_table_instance_0\" data-footable_id=\"2909\" data-filter-delay=\"1000\" aria-label=\"Biblioteca\"            id=\"footable_2909\"\n           data-unique_identifier=\"ninja_table_unique_id_420796208_2909\"\n           class=\" foo-table ninja_footable foo_table_2909 ninja_table_unique_id_420796208_2909 ui table  nt_type_ajax_table fixed vertical_centered  footable-paging-center\">\n                <colgroup>\n                            <col class=\"ninja_column_0 \">\n                            <col class=\"ninja_column_1 \">\n                            <col class=\"ninja_column_2 \">\n                            <col class=\"ninja_column_3 \">\n                            <col class=\"ninja_column_4 \">\n                            <col class=\"ninja_column_5 \">\n                            <col class=\"ninja_column_6 \">\n                            <col class=\"ninja_column_7 \">\n                            <col class=\"ninja_column_8 \">\n                            <col class=\"ninja_column_9 \">\n                    <\/colgroup>\n            <\/table>\n    \n    \n    \n<\/div>\n\n\n\n\n\n","protected":false},"excerpt":{"rendered":"","protected":false},"author":10,"featured_media":0,"parent":0,"menu_order":0,"comment_status":"closed","ping_status":"closed","template":"","meta":{"pagelayer_contact_templates":[],"_pagelayer_content":"","footnotes":""},"class_list":["post-2910","page","type-page","status-publish","hentry"],"_links":{"self":[{"href":"https:\/\/memoriactivadeladesaparicion.mx\/clonepruebas\/wp-json\/wp\/v2\/pages\/2910","targetHints":{"allow":["GET"]}}],"collection":[{"href":"https:\/\/memoriactivadeladesaparicion.mx\/clonepruebas\/wp-json\/wp\/v2\/pages"}],"about":[{"href":"https:\/\/memoriactivadeladesaparicion.mx\/clonepruebas\/wp-json\/wp\/v2\/types\/page"}],"author":[{"embeddable":true,"href":"https:\/\/memoriactivadeladesaparicion.mx\/clonepruebas\/wp-json\/wp\/v2\/users\/10"}],"replies":[{"embeddable":true,"href":"https:\/\/memoriactivadeladesaparicion.mx\/clonepruebas\/wp-json\/wp\/v2\/comments?post=2910"}],"version-history":[{"count":12,"href":"https:\/\/memoriactivadeladesaparicion.mx\/clonepruebas\/wp-json\/wp\/v2\/pages\/2910\/revisions"}],"predecessor-version":[{"id":4010,"href":"https:\/\/memoriactivadeladesaparicion.mx\/clonepruebas\/wp-json\/wp\/v2\/pages\/2910\/revisions\/4010"}],"wp:attachment":[{"href":"https:\/\/memoriactivadeladesaparicion.mx\/clonepruebas\/wp-json\/wp\/v2\/media?parent=2910"}],"curies":[{"name":"wp","href":"https:\/\/api.w.org\/{rel}","templated":true}]}}