{"id":4503,"date":"2025-03-20T23:00:06","date_gmt":"2025-03-20T23:00:06","guid":{"rendered":"https:\/\/memoriactivadeladesaparicion.mx\/clonepruebas\/?page_id=4503"},"modified":"2025-03-27T18:43:02","modified_gmt":"2025-03-27T18:43:02","slug":"memoria-colectiva","status":"publish","type":"page","link":"https:\/\/memoriactivadeladesaparicion.mx\/clonepruebas\/memoria-colectiva\/","title":{"rendered":"Memoria Colectiva"},"content":{"rendered":"\n\n\n\n\n\n\n\n\n\n\n\n\n\n<h3>Memoria Colectiva<\/h3>\n\n\n<h4>\u00bfPor qu\u00e9 no olvidar?<\/h4>\n\n\n<p style=\"text-align: justify;\"><font color=\"#000000\">Agrupa acontecimientos que permiten mostrar de modo general la desaparici\u00f3n de personas como una grave problem\u00e1tica social en M\u00e9xico.<\/font><\/p>\n\n\n\n\n\n\n\n\n\n\n<p>Lorem Ipsum has been the industry&#8217;s standard dummy text ever since the 1500s.<\/p>\n\n\n\n\n\n\n\n\n\n<h4>\u00bfPor qu\u00e9 no olvidar?<\/h4>\n\n\n\n\n\n\n<h6>C\u00f3digo de Colores<\/h6>\n\n\n\n\n\nCasos de Personas Desaparecidas\n\n\n\n\n\n\nAcontecimientos\n\n\n\n\n\n\n\n\n\n\n\n\n\n\n\n\n\n\n<h4>01<\/h4>\n\n\n\n<h4>02<\/h4>\n\n\n<h4>03<\/h4>\n\n\n<h4>04<\/h4>\n\n\n<h4>05<\/h4>\n\n\n<h4>06<\/h4>\n\n\n\n\n<h4>07<\/h4>\n\n\n\n\n\n\n\n<h4>08<\/h4>\n\n\n<h4>09<\/h4>\n\n\n\n<h4>10<\/h4>\n\n\n<h4>11<\/h4>\n\n\n<h4>12<\/h4>\n\n\n<h4>13<\/h4>\n\n\n<h4>14<\/h4>\n\n\n\n\n<h4>15<\/h4>\n\n\n<h4>16<\/h4>\n\n\n\n<h4>17<\/h4>\n\n\n\n<h4>18<\/h4>\n\n\n\n\n<h4>19<\/h4>\n\n\n\n<h4>20<\/h4>\n\n\n<h4>21<\/h4>\n\n\n\n\n<h4>22<\/h4>\n\n\n<h4>23<\/h4>\n\n\n<h4>24<\/h4>\n\n\n\n<h4>25<\/h4>\n\n\n<h4>26<\/h4>\n\n\n\n<h4>27<\/h4>\n\n\n<h4>28<\/h4>\n\n\n\n\n<h4>29<\/h4>\n\n\n\n<h4>30<\/h4>\n\n\n\n<h4>31<\/h4>\n\n\n\n\n\n\n\n\n\n\n\n\n\n\n\n\n\n\n\n\n\n\n\n\n<h4>01<\/h4>\n\n\n\n<h4>02<\/h4>\n\n\n\n<h4>03<\/h4>\n\n\n\n<h4>04<\/h4>\n\n\n<h4>05<\/h4>\n\n\n<h4>06<\/h4>\n\n\n<h4>07<\/h4>\n\n\n\n\n\n<h4>08<\/h4>\n\n\n<h4>09<\/h4>\n\n\n\n<h4>10<\/h4>\n\n\n<h4>11<\/h4>\n\n\n<h4>12<\/h4>\n\n\n<h4>13<\/h4>\n\n\n<h4>14<\/h4>\n\n\n\n\n<h4>15<\/h4>\n\n\n\n<h4>16<\/h4>\n\n\n\n<h4>17<\/h4>\n\n\n\n\n<h4>18<\/h4>\n\n\n\n<h4>19<\/h4>\n\n\n<h4>20<\/h4>\n\n\n\n<h4>21<\/h4>\n\n\n\n\n\n<h4>22<\/h4>\n\n\n\n<h4>23<\/h4>\n\n\n<h4>24<\/h4>\n\n\n<h4>25<\/h4>\n\n\n\n\n\n\n\n<h4>26<\/h4>\n\n\n<h4>27<\/h4>\n\n\n\n\n<h4>28<\/h4>\n\n\n\n\n\n\n<h4>29<\/h4>\n\n\n\n\n\n\n\n\n\n\n\n\n\n\n\n\n\n\n\n\n\n\n<h4>01<\/h4>\n\n\n<h4>02<\/h4>\n\n\n\n\n<h4>03<\/h4>\n\n\n\n\n\n<h4>04<\/h4>\n\n\n\n\n<h4>05<\/h4>\n\n\n<h4>06<\/h4>\n\n\n<h4>07<\/h4>\n\n\n\n\n\n\n\n\n<h4>08<\/h4>\n\n\n\n<h4>09<\/h4>\n\n\n<h4>10<\/h4>\n\n\n<h4>11<\/h4>\n\n\n<h4>12<\/h4>\n\n\n<h4>13<\/h4>\n\n\n\n<h4>14<\/h4>\n\n\n\n\n<h4>15<\/h4>\n\n\n<h4>16<\/h4>\n\n\n<h4>17<\/h4>\n\n\n\n\n<h4>18<\/h4>\n\n\n\n\n\n<h4>19<\/h4>\n\n\n\n<h4>20<\/h4>\n\n\n\n<h4>21<\/h4>\n\n\n\n\n<h4>22<\/h4>\n\n\n<h4>23<\/h4>\n\n\n<h4>24<\/h4>\n\n\n\n\n\n<h4>25<\/h4>\n\n\n<h4>26<\/h4>\n\n\n<h4>27<\/h4>\n\n\n<h4>28<\/h4>\n\n\n\n\n<h4>29<\/h4>\n\n\n<h4>30<\/h4>\n\n\n<h4>31<\/h4>\n\n\n\n\n\n\n\n\n\n\n\n\n\n\n\n\n\n\n<h4>01<\/h4>\n\n\n\n<h4>02<\/h4>\n\n\n<h4>03<\/h4>\n\n\n<h4>04<\/h4>\n\n\n<h4>05<\/h4>\n\n\n<h4>06<\/h4>\n\n\n<h4>07<\/h4>\n\n\n\n\n<h4>08<\/h4>\n\n\n<h4>09<\/h4>\n\n\n\n<h4>10<\/h4>\n\n\n\n<h4>11<\/h4>\n\n\n\n<h4>12<\/h4>\n\n\n<h4>13<\/h4>\n\n\n<h4>14<\/h4>\n\n\n\n\n\n<h4>15<\/h4>\n\n\n<h4>16<\/h4>\n\n\n\n<h4>17<\/h4>\n\n\n<h4>18<\/h4>\n\n\n<h4>19<\/h4>\n\n\n\n<h4>20<\/h4>\n\n\n<h4>21<\/h4>\n\n\n\n\n<h4>22<\/h4>\n\n\n\n<h4>23<\/h4>\n\n\n\n\n<h4>24<\/h4>\n\n\n\n<h4>25<\/h4>\n\n\n<h4>26<\/h4>\n\n\n<h4>27<\/h4>\n\n\n<h4>28<\/h4>\n\n\n\n\n<h4>29<\/h4>\n\n\n<h4>30<\/h4>\n\n\n\n\n\n\n\n\n\n\n\n\n\n\n\n\n\n\n\n\n<h4>01<\/h4>\n\n\n\n\n\n<h4>02<\/h4>\n\n\n<h4>03<\/h4>\n\n\n<h4>04<\/h4>\n\n\n<h4>05<\/h4>\n\n\n<h4>06<\/h4>\n\n\n<h4>07<\/h4>\n\n\n\n\n<h4>08<\/h4>\n\n\n<h4>09<\/h4>\n\n\n<h4>10<\/h4>\n\n\n\n\n\n\n\n<h4>11<\/h4>\n\n\n<h4>12<\/h4>\n\n\n<h4>13<\/h4>\n\n\n<h4>14<\/h4>\n\n\n\n\n<h4>15<\/h4>\n\n\n<h4>16<\/h4>\n\n\n<h4>17<\/h4>\n\n\n<h4>18<\/h4>\n\n\n<h4>19<\/h4>\n\n\n\n<h4>20<\/h4>\n\n\n\n<h4>21<\/h4>\n\n\n\n\n<h4>22<\/h4>\n\n\n<h4>23<\/h4>\n\n\n<h4>24<\/h4>\n\n\n<h4>25<\/h4>\n\n\n<h4>26<\/h4>\n\n\n<h4>27<\/h4>\n\n\n<h4>28<\/h4>\n\n\n\n\n\n<h4>29<\/h4>\n\n\n<h4>30<\/h4>\n\n\n\n<h4>31<\/h4>\n\n\n\n\n\n\n\n\n\n\n\n\n\n\n\n\n\n\n<h4>01<\/h4>\n\n\n\n<h4>02<\/h4>\n\n\n\n<h4>03<\/h4>\n\n\n<h4>04<\/h4>\n\n\n<h4>05<\/h4>\n\n\n\n<h4>06<\/h4>\n\n\n\n<h4>07<\/h4>\n\n\n\n\n<h4>08<\/h4>\n\n\n<h4>09<\/h4>\n\n\n\n<h4>10<\/h4>\n\n\n\n<h4>11<\/h4>\n\n\n<h4>12<\/h4>\n\n\n\n<h4>13<\/h4>\n\n\n\n<h4>14<\/h4>\n\n\n\n\n<h4>15<\/h4>\n\n\n\n<h4>16<\/h4>\n\n\n<h4>17<\/h4>\n\n\n\n<h4>18<\/h4>\n\n\n<h4>19<\/h4>\n\n\n\n\n<h4>20<\/h4>\n\n\n<h4>21<\/h4>\n\n\n\n\n<h4>22<\/h4>\n\n\n\n<h4>23<\/h4>\n\n\n<h4>24<\/h4>\n\n\n<h4>25<\/h4>\n\n\n<h4>26<\/h4>\n\n\n<h4>27<\/h4>\n\n\n<h4>28<\/h4>\n\n\n\n\n<h4>29<\/h4>\n\n\n<h4>30<\/h4>\n\n\n\n\n\n\n\n\n\n\n\n\n\n\n\n\n\n\n\n\n\n\n<h4>01<\/h4>\n\n\n<h4>02<\/h4>\n\n\n<h4>03<\/h4>\n\n\n\n<h4>04<\/h4>\n\n\n<h4>05<\/h4>\n\n\n<h4>06<\/h4>\n\n\n<h4>07<\/h4>\n\n\n\n\n\n<h4>08<\/h4>\n\n\n<h4>09<\/h4>\n\n\n\n\n<h4>10<\/h4>\n\n\n\n<h4>11<\/h4>\n\n\n<h4>12<\/h4>\n\n\n<h4>13<\/h4>\n\n\n\n<h4>14<\/h4>\n\n\n\n\n<h4>15<\/h4>\n\n\n<h4>16<\/h4>\n\n\n<h4>17<\/h4>\n\n\n\n\n<h4>18<\/h4>\n\n\n\n<h4>19<\/h4>\n\n\n<h4>20<\/h4>\n\n\n\n<h4>21<\/h4>\n\n\n\n\n<h4>22<\/h4>\n\n\n\n<h4>23<\/h4>\n\n\n<h4>24<\/h4>\n\n\n<h4>25<\/h4>\n\n\n\n<h4>26<\/h4>\n\n\n<h4>27<\/h4>\n\n\n\n<h4>28<\/h4>\n\n\n\n\n\n<h4>29<\/h4>\n\n\n\n<h4>30<\/h4>\n\n\n\n<h4>31<\/h4>\n\n\n\n\n\n\n\n\n\n\n\n\n\n\n\n\n\n\n<h4>01<\/h4>\n\n\n<h4>02<\/h4>\n\n\n\n<h4>03<\/h4>\n\n\n<h4>04<\/h4>\n\n\n\n\n<h4>05<\/h4>\n\n\n<h4>06<\/h4>\n\n\n<h4>07<\/h4>\n\n\n\n\n<h4>08<\/h4>\n\n\n<h4>09<\/h4>\n\n\n<h4>10<\/h4>\n\n\n<h4>11<\/h4>\n\n\n\n\n<h4>12<\/h4>\n\n\n<h4>13<\/h4>\n\n\n<h4>14<\/h4>\n\n\n\n\n<h4>15<\/h4>\n\n\n<h4>16<\/h4>\n\n\n<h4>17<\/h4>\n\n\n\n<h4>18<\/h4>\n\n\n<h4>19<\/h4>\n\n\n<h4>20<\/h4>\n\n\n<h4>21<\/h4>\n\n\n\n\n<h4>22<\/h4>\n\n\n\n<h4>23<\/h4>\n\n\n\n<h4>24<\/h4>\n\n\n<h4>25<\/h4>\n\n\n\n\n\n<h4>26<\/h4>\n\n\n\n\n<h4>27<\/h4>\n\n\n\n<h4>28<\/h4>\n\n\n\n\n\n<h4>29<\/h4>\n\n\n\n<h4>30<\/h4>\n\n\n\n\n<h4>31<\/h4>\n\n\n\n\n\n\n\n\n\n\n\n\n\n\n\n\n\n\n\n\n<h4>01<\/h4>\n\n\n\n<h4>02<\/h4>\n\n\n\n<h4>03<\/h4>\n\n\n<h4>04<\/h4>\n\n\n\n<h4>05<\/h4>\n\n\n<h4>06<\/h4>\n\n\n<h4>07<\/h4>\n\n\n\n\n\n<h4>08<\/h4>\n\n\n\n<h4>09<\/h4>\n\n\n\n<h4>10<\/h4>\n\n\n<h4>11<\/h4>\n\n\n<h4>12<\/h4>\n\n\n\n<h4>13<\/h4>\n\n\n<h4>14<\/h4>\n\n\n\n\n\n<h4>15<\/h4>\n\n\n<h4>16<\/h4>\n\n\n\n<h4>17<\/h4>\n\n\n\n\n<h4>18<\/h4>\n\n\n\n\n\n<h4>19<\/h4>\n\n\n<h4>20<\/h4>\n\n\n<h4>21<\/h4>\n\n\n\n\n\n\n\n<h4>22<\/h4>\n\n\n\n\n<h4>23<\/h4>\n\n\n\n<h4>24<\/h4>\n\n\n\n\n<h4>25<\/h4>\n\n\n\n\n<h4>26<\/h4>\n\n\n\n\n\n<h4>27<\/h4>\n\n\n<h4>28<\/h4>\n\n\n\n\n\n<h4>29<\/h4>\n\n\n\n<h4>30<\/h4>\n\n\n\n\n\n\n\n\n\n\n\n\n\n\n\n\n\n\n\n\n\n<h4>01<\/h4>\n\n\n<h4>02<\/h4>\n\n\n\n<h4>03<\/h4>\n\n\n<h4>04<\/h4>\n\n\n\n\n<h4>05<\/h4>\n\n\n\n\n\n<h4>06<\/h4>\n\n\n\n\n<h4>07<\/h4>\n\n\n\n\n\n\n<h4>08<\/h4>\n\n\n\n\n\n\n<h4>09<\/h4>\n\n\n\n<h4>10<\/h4>\n\n\n<h4>11<\/h4>\n\n\n\n\n<h4>12<\/h4>\n\n\n\n\n\n<h4>13<\/h4>\n\n\n<h4>14<\/h4>\n\n\n\n\n\n\n\n<h4>15<\/h4>\n\n\n\n\n<h4>16<\/h4>\n\n\n<h4>17<\/h4>\n\n\n\n<h4>18<\/h4>\n\n\n\n<h4>19<\/h4>\n\n\n<h4>20<\/h4>\n\n\n\n<h4>21<\/h4>\n\n\n\n\n\n\n<h4>22<\/h4>\n\n\n\n\n\n<h4>23<\/h4>\n\n\n\n\n<h4>24<\/h4>\n\n\n\n<h4>25<\/h4>\n\n\n\n<h4>26<\/h4>\n\n\n\n<h4>27<\/h4>\n\n\n\n\n<h4>28<\/h4>\n\n\n\n\n<h4>29<\/h4>\n\n\n\n\n<h4>30<\/h4>\n\n\n\n\n<h4>31<\/h4>\n\n\n\n\n\n\n\n\n\n\n\n\n\n\n\n\n\n\n\n\n\n\n<h4>01<\/h4>\n\n\n\n<h4>02<\/h4>\n\n\n\n<h4>03<\/h4>\n\n\n\n<h4>04<\/h4>\n\n\n\n\n\n<h4>05<\/h4>\n\n\n\n<h4>06<\/h4>\n\n\n<h4>07<\/h4>\n\n\n\n\n\n<h4>08<\/h4>\n\n\n<h4>09<\/h4>\n\n\n<h4>10<\/h4>\n\n\n\n<h4>11<\/h4>\n\n\n\n<h4>12<\/h4>\n\n\n<h4>13<\/h4>\n\n\n\n\n<h4>14<\/h4>\n\n\n\n\n\n<h4>15<\/h4>\n\n\n<h4>16<\/h4>\n\n\n<h4>17<\/h4>\n\n\n\n<h4>18<\/h4>\n\n\n<h4>19<\/h4>\n\n\n\n\n\n\n<h4>20<\/h4>\n\n\n<h4>21<\/h4>\n\n\n\n\n\n<h4>22<\/h4>\n\n\n\n\n<h4>23<\/h4>\n\n\n<h4>24<\/h4>\n\n\n<h4>25<\/h4>\n\n\n\n\n<h4>26<\/h4>\n\n\n\n<h4>27<\/h4>\n\n\n<h4>28<\/h4>\n\n\n\n\n\n\n\n<h4>29<\/h4>\n\n\n<h4>30<\/h4>\n\n\n\n\n\n\n\n\n\n\n\n\n\n\n\n\n\n\n\n\n<h4>01<\/h4>\n\n\n\n<h4>02<\/h4>\n\n\n\n<h4>03<\/h4>\n\n\n<h4>04<\/h4>\n\n\n<h4>05<\/h4>\n\n\n\n\n<h4>06<\/h4>\n\n\n\n<h4>07<\/h4>\n\n\n\n\n<h4>08<\/h4>\n\n\n<h4>09<\/h4>\n\n\n\n\n<h4>10<\/h4>\n\n\n\n<h4>11<\/h4>\n\n\n<h4>12<\/h4>\n\n\n\n<h4>13<\/h4>\n\n\n<h4>14<\/h4>\n\n\n\n\n<h4>15<\/h4>\n\n\n<h4>16<\/h4>\n\n\n<h4>17<\/h4>\n\n\n<h4>18<\/h4>\n\n\n<h4>19<\/h4>\n\n\n\n\n\n\n\n<h4>20<\/h4>\n\n\n\n<h4>21<\/h4>\n\n\n\n\n<h4>22<\/h4>\n\n\n<h4>23<\/h4>\n\n\n<h4>24<\/h4>\n\n\n\n<h4>25<\/h4>\n\n\n<h4>26<\/h4>\n\n\n<h4>27<\/h4>\n\n\n\n\n<h4>28<\/h4>\n\n\n\n\n<h4>29<\/h4>\n\n\n<h4>30<\/h4>\n\n\n<h4>31<\/h4>\n\n\n\n\n\n\n\n\n\n\n\n\n\n\n\n\n\n\n","protected":false},"excerpt":{"rendered":"","protected":false},"author":10,"featured_media":0,"parent":0,"menu_order":0,"comment_status":"closed","ping_status":"closed","template":"","meta":{"pagelayer_contact_templates":[],"_pagelayer_content":"","footnotes":""},"class_list":["post-4503","page","type-page","status-publish","hentry"],"_links":{"self":[{"href":"https:\/\/memoriactivadeladesaparicion.mx\/clonepruebas\/wp-json\/wp\/v2\/pages\/4503","targetHints":{"allow":["GET"]}}],"collection":[{"href":"https:\/\/memoriactivadeladesaparicion.mx\/clonepruebas\/wp-json\/wp\/v2\/pages"}],"about":[{"href":"https:\/\/memoriactivadeladesaparicion.mx\/clonepruebas\/wp-json\/wp\/v2\/types\/page"}],"author":[{"embeddable":true,"href":"https:\/\/memoriactivadeladesaparicion.mx\/clonepruebas\/wp-json\/wp\/v2\/users\/10"}],"replies":[{"embeddable":true,"href":"https:\/\/memoriactivadeladesaparicion.mx\/clonepruebas\/wp-json\/wp\/v2\/comments?post=4503"}],"version-history":[{"count":310,"href":"https:\/\/memoriactivadeladesaparicion.mx\/clonepruebas\/wp-json\/wp\/v2\/pages\/4503\/revisions"}],"predecessor-version":[{"id":4960,"href":"https:\/\/memoriactivadeladesaparicion.mx\/clonepruebas\/wp-json\/wp\/v2\/pages\/4503\/revisions\/4960"}],"wp:attachment":[{"href":"https:\/\/memoriactivadeladesaparicion.mx\/clonepruebas\/wp-json\/wp\/v2\/media?parent=4503"}],"curies":[{"name":"wp","href":"https:\/\/api.w.org\/{rel}","templated":true}]}}